{"id":250,"date":"2025-07-12T09:44:29","date_gmt":"2025-07-12T09:44:29","guid":{"rendered":"https:\/\/nerjatransferservice.com\/?page_id=250"},"modified":"2025-07-13T19:32:17","modified_gmt":"2025-07-13T17:32:17","slug":"privacy-policy","status":"publish","type":"page","link":"https:\/\/nerjatransferservice.com\/es\/privacy-policy\/","title":{"rendered":"Pol\u00edtica de privacidad"},"content":{"rendered":"<h4 class=\"wp-block-heading\">nerjatransferservice.com<\/h4>\n\n\n\n<hr class=\"wp-block-separator has-alpha-channel-opacity\"\/>\n\n\n\n<p><strong>I. POL\u00cdTICA DE PRIVACIDAD Y PROTECCI\u00d3N DE DATOS<\/strong><\/p>\n\n\n\n<p>En cumplimiento de la legislaci\u00f3n vigente,&nbsp;<strong>Servicio de traslados Nerja<\/strong>&nbsp;(en lo sucesivo tambi\u00e9n denominado el Sitio Web) se compromete a adoptar las medidas t\u00e9cnicas y organizativas necesarias, seg\u00fan el nivel de seguridad adecuado en funci\u00f3n del riesgo de los datos recogidos.<\/p>\n\n\n\n<h3 class=\"wp-block-heading\"><strong>Leyes incorporadas a esta pol\u00edtica de privacidad<\/strong><\/h3>\n\n\n\n<p>Esta pol\u00edtica de privacidad est\u00e1 adaptada a la normativa espa\u00f1ola y europea vigente en materia de protecci\u00f3n de datos personales en Internet. En concreto, cumple con las siguientes leyes:<\/p>\n\n\n\n<ul class=\"wp-block-list\">\n<li>Reglamento (UE) 2016\/679 del Parlamento Europeo y del Consejo, de 27 de abril de 2016, relativo a la protecci\u00f3n de las personas f\u00edsicas en lo que respecta al tratamiento de datos personales y a la libre circulaci\u00f3n de estos datos (RGPD).<\/li>\n\n\n\n<li>Ley Org\u00e1nica 3\/2018, de 5 de diciembre, de Protecci\u00f3n de Datos Personales y Garant\u00eda de los Derechos Digitales (LOPD-GDD).<\/li>\n\n\n\n<li>Real Decreto 1720\/2007, de 21 de diciembre, por el que se aprueba el Reglamento de desarrollo de la Ley Org\u00e1nica 15\/1999, de 13 de diciembre, de Protecci\u00f3n de Datos de Car\u00e1cter Personal (RDLOPD).<\/li>\n\n\n\n<li>Ley 34\/2002, de 11 de julio, de Servicios de la Sociedad de la Informaci\u00f3n y Comercio Electr\u00f3nico (LSSI-CE).<\/li>\n<\/ul>\n\n\n\n<h3 class=\"wp-block-heading\"><strong>Identidad del responsable del tratamiento<\/strong><\/h3>\n\n\n\n<p>El responsable del tratamiento de los datos personales recogidos a trav\u00e9s de&nbsp;<strong>Servicio de traslados Nerja<\/strong>&nbsp;es&nbsp;<strong>M Angeles Arrabal Armijo<\/strong>con NIF:&nbsp;<strong>77470858G<\/strong>&nbsp;(en lo sucesivo, el Responsable del Tratamiento). Los datos de contacto son los siguientes<\/p>\n\n\n\n<p>Direcci\u00f3n: Calle Prolongaci\u00f3n Antonio Mill\u00f3n<\/p>\n\n\n\n<p>Tel\u00e9fono: [no facilitado]<\/p>\n\n\n\n<p>Fax: [no facilitado]<\/p>\n\n\n\n<p>Correo electr\u00f3nico: info@nerjatransferservice.com<\/p>\n\n\n\n<h3 class=\"wp-block-heading\"><strong>Registro de datos personales<\/strong><\/h3>\n\n\n\n<p>En cumplimiento del GDPR y de la LOPD-GDD, le informamos que los datos personales recogidos por&nbsp;<strong>Servicio de traslados Nerja<\/strong>&nbsp;a trav\u00e9s de los formularios de sus p\u00e1ginas ser\u00e1n incluidos en nuestro fichero y tratados con la finalidad de facilitar, agilizar y cumplir los compromisos establecidos entre&nbsp;<strong>Servicio de traslados Nerja<\/strong>&nbsp;y el Usuario o para el mantenimiento de la relaci\u00f3n que se establezca en los formularios que \u00e9ste rellene o para dar respuesta a una solicitud o petici\u00f3n del mismo.<\/p>\n\n\n\n<p>Asimismo, de acuerdo con el GDPR y la LOPD-GDD, salvo que resulte de aplicaci\u00f3n la excepci\u00f3n prevista en el art\u00edculo 30.5 del GDPR, se mantiene un registro de actividades de tratamiento en el que se detallan, en funci\u00f3n de sus finalidades, las actividades de tratamiento realizadas y dem\u00e1s circunstancias establecidas por el GDPR.<\/p>\n\n\n\n<h3 class=\"wp-block-heading\"><strong>Principios aplicables al tratamiento de datos personales<\/strong><\/h3>\n\n\n\n<p>El tratamiento de los datos personales del Usuario estar\u00e1 sujeto a los siguientes principios establecidos en el art\u00edculo 5 del GDPR y el art\u00edculo 4 y siguientes de la Ley Org\u00e1nica 3\/2018:<\/p>\n\n\n\n<ul class=\"wp-block-list\">\n<li><strong>Legalidad, equidad y transparencia:<\/strong>\u00a0Siempre se requerir\u00e1 el consentimiento del usuario despu\u00e9s de proporcionarle informaci\u00f3n totalmente transparente.<\/li>\n\n\n\n<li><strong>Limitaci\u00f3n de la finalidad:<\/strong>\u00a0Los datos se recoger\u00e1n con fines espec\u00edficos, expl\u00edcitos y leg\u00edtimos.<\/li>\n\n\n\n<li><strong>Minimizaci\u00f3n de datos:<\/strong>\u00a0S\u00f3lo se recoger\u00e1n los datos estrictamente necesarios para los fines perseguidos.<\/li>\n\n\n\n<li><strong>Precisi\u00f3n:<\/strong>\u00a0Los datos personales deben ser exactos y estar actualizados.<\/li>\n\n\n\n<li><strong>Limitaci\u00f3n de almacenamiento:<\/strong>\u00a0Los datos s\u00f3lo se conservar\u00e1n el tiempo necesario.<\/li>\n\n\n\n<li><strong>Integridad y confidencialidad:<\/strong>\u00a0Se garantizar\u00e1 la seguridad y confidencialidad de los datos.<\/li>\n\n\n\n<li><strong>Rendici\u00f3n de cuentas:<\/strong>\u00a0El responsable del tratamiento es responsable de garantizar el cumplimiento de todos los principios.<\/li>\n<\/ul>\n\n\n\n<h3 class=\"wp-block-heading\"><strong>Categor\u00edas de datos personales<\/strong><\/h3>\n\n\n\n<p>Las categor\u00edas de datos tratados por&nbsp;<strong>Servicio de traslados Nerja<\/strong>&nbsp;son&nbsp;<strong>s\u00f3lo datos identificativos<\/strong>. No se tratan categor\u00edas especiales de datos personales, tal como se definen en el art\u00edculo 9 del RGPD.<\/p>\n\n\n\n<blockquote class=\"wp-block-quote is-layout-flow wp-block-quote-is-layout-flow\">\n<p>[P\u00e1rrafo alternativo (si procede): Si se tramitan categor\u00edas especiales, sustit\u00fayase lo anterior por:].<\/p>\n<\/blockquote>\n\n\n\n<blockquote class=\"wp-block-quote is-layout-flow wp-block-quote-is-layout-flow\">\n<p>Las categor\u00edas de datos tratados por&nbsp;<strong>Servicio de traslados Nerja<\/strong>&nbsp;incluyen tanto datos identificativos como&nbsp;<strong>categor\u00edas especiales<\/strong>&nbsp;de los datos personales definidos en el art\u00edculo 9 del RGPD.<\/p>\n<\/blockquote>\n\n\n\n<blockquote class=\"wp-block-quote is-layout-flow wp-block-quote-is-layout-flow\">\n<p>Las categor\u00edas especiales incluyen los datos que revelan el origen racial o \u00e9tnico, las opiniones pol\u00edticas, las convicciones religiosas o filos\u00f3ficas, la afiliaci\u00f3n sindical, los datos gen\u00e9ticos, los datos biom\u00e9tricos utilizados para identificar de manera un\u00edvoca a una persona f\u00edsica, los datos relativos a la salud o los datos relativos a la vida sexual o a la orientaci\u00f3n sexual de una persona f\u00edsica.<\/p>\n<\/blockquote>\n\n\n\n<blockquote class=\"wp-block-quote is-layout-flow wp-block-quote-is-layout-flow\">\n<p>Para el tratamiento de estas categor\u00edas de datos se requerir\u00e1 siempre el consentimiento expl\u00edcito del Usuario.<\/p>\n<\/blockquote>\n\n\n\n<h3 class=\"wp-block-heading\"><strong>Base jur\u00eddica para el tratamiento de datos personales<\/strong><\/h3>\n\n\n\n<p>La base jur\u00eddica del tratamiento es&nbsp;<strong>consentimiento<\/strong>.&nbsp;<strong>Servicio de traslados Nerja<\/strong>&nbsp;se compromete a obtener el&nbsp;<strong>expl\u00edcita y verificable<\/strong>consentimiento del Usuario para el tratamiento de sus datos personales para uno o varios fines espec\u00edficos.<\/p>\n\n\n\n<p>Los usuarios pueden retirar su consentimiento en cualquier momento, con la misma facilidad con la que lo otorgaron. La retirada del consentimiento no afectar\u00e1 a la legalidad del tratamiento anterior.<\/p>\n\n\n\n<p>En el caso de que la recogida de datos se realice a trav\u00e9s de formularios de consulta u otros relacionados con el contenido, se informar\u00e1 al Usuario en caso de que sea obligatorio facilitar dichos datos por ser imprescindibles para el funcionamiento.<\/p>\n\n\n\n<h3 class=\"wp-block-heading\"><strong>Finalidad del tratamiento de datos personales<\/strong><\/h3>\n\n\n\n<p>Los datos personales son recogidos y gestionados por&nbsp;<strong>Servicio de traslados Nerja<\/strong>&nbsp;facilitar, agilizar y cumplir los compromisos adquiridos entre el Sitio Web y el Usuario o para mantener la relaci\u00f3n iniciada a trav\u00e9s de los formularios o responder a solicitudes o consultas.<\/p>\n\n\n\n<p>Adem\u00e1s, los datos pueden utilizarse para&nbsp;<strong>comercial<\/strong>,&nbsp;<strong>personalizaci\u00f3n<\/strong>,&nbsp;<strong>estad\u00edstica<\/strong>y fines internos, como la investigaci\u00f3n de mercado o la mejora de la calidad y navegaci\u00f3n del sitio web.<\/p>\n\n\n\n<p>En el momento de la recogida de datos, se informar\u00e1 al Usuario de la finalidad o finalidades espec\u00edficas del tratamiento de datos.<\/p>\n\n\n\n<h3 class=\"wp-block-heading\"><strong>Per\u00edodo de conservaci\u00f3n<\/strong><\/h3>\n\n\n\n<p>Los datos personales s\u00f3lo se conservar\u00e1n durante el tiempo m\u00ednimo necesario para los fines de su tratamiento y, en cualquier caso, durante el periodo siguiente:&nbsp;<strong>18 meses<\/strong>o hasta que el Usuario solicite su eliminaci\u00f3n.<\/p>\n\n\n\n<p>Se informar\u00e1 a los usuarios del periodo de conservaci\u00f3n de los datos en el momento de su recogida, o de los criterios utilizados para determinar dicho periodo si no son exactos.<\/p>\n\n\n\n<h3 class=\"wp-block-heading\"><strong>Destinatarios de los datos personales<\/strong><\/h3>\n\n\n\n<p>Los datos del usuario&nbsp;<strong>no se compartir\u00e1 con terceros<\/strong>.<\/p>\n\n\n\n<blockquote class=\"wp-block-quote is-layout-flow wp-block-quote-is-layout-flow\">\n<p>[P\u00e1rrafo alternativo (si procede): Si se conocen los destinatarios:].<\/p>\n<\/blockquote>\n\n\n\n<blockquote class=\"wp-block-quote is-layout-flow wp-block-quote-is-layout-flow\">\n<p>Los datos del usuario se compartir\u00e1n con los siguientes destinatarios o categor\u00edas de destinatarios: [Enumerar si procede].<\/p>\n<\/blockquote>\n\n\n\n<p>Si el Responsable del Tratamiento pretende transferir datos a un tercer pa\u00eds u organizaci\u00f3n internacional, se informar\u00e1 al Usuario del destino y de la existencia o no de una decisi\u00f3n de adecuaci\u00f3n por parte de la Comisi\u00f3n Europea.<\/p>\n\n\n\n<h3 class=\"wp-block-heading\"><strong>Datos personales de menores<\/strong><\/h3>\n\n\n\n<p>S\u00f3lo aquellos&nbsp;<strong>mayores de 14 a\u00f1os<\/strong>&nbsp;puede consentir legalmente el tratamiento de sus datos personales por parte de&nbsp;<strong>Servicio de traslados Nerja<\/strong>. Para los menores de 14 a\u00f1os, se requiere el consentimiento de los padres o tutores.<\/p>\n\n\n\n<h3 class=\"wp-block-heading\"><strong>Secreto y seguridad de los datos personales<\/strong><\/h3>\n\n\n\n<p><strong>Servicio de traslados Nerja<\/strong>&nbsp;se compromete a implantar las medidas de seguridad de \u00edndole t\u00e9cnica y organizativas necesarias y adecuadas al riesgo para garantizar la confidencialidad e integridad de los datos de car\u00e1cter personal, evitando su acceso no autorizado, p\u00e9rdida, tratamiento o alteraci\u00f3n.<\/p>\n\n\n\n<p>El sitio web utiliza un certificado SSL (Secure Socket Layer) para garantizar que los datos se transmiten de forma segura y cifrada.<\/p>\n\n\n\n<p>No obstante, dado que la seguridad de Internet no puede garantizarse plenamente, el Responsable del Tratamiento notificar\u00e1 sin demora al Usuario cualquier violaci\u00f3n de la seguridad de los datos personales que pueda suponer un alto riesgo para sus derechos y libertades.<\/p>\n\n\n\n<p>Todos los datos personales se tratar\u00e1n de forma confidencial. El responsable del tratamiento garantizar\u00e1, por obligaci\u00f3n legal o contractual, que los empleados, socios y cualquier persona a la que se conceda acceso respeten la confidencialidad.<\/p>\n\n\n\n<h3 class=\"wp-block-heading\"><strong>Derechos de los usuarios<\/strong><\/h3>\n\n\n\n<p>Los usuarios pueden ejercer los siguientes derechos en virtud del GDPR y la Ley Org\u00e1nica 3\/2018:<\/p>\n\n\n\n<ul class=\"wp-block-list\">\n<li><strong>Derecho de acceso:<\/strong>\u00a0Saber si se est\u00e1n tratando datos y obtener informaci\u00f3n al respecto.<\/li>\n\n\n\n<li><strong>Derecho de rectificaci\u00f3n:<\/strong>\u00a0Corrija los datos inexactos o incompletos.<\/li>\n\n\n\n<li><strong>Derecho de supresi\u00f3n (\"derecho al olvido\"):<\/strong>\u00a0Suprimir los datos cuando ya no sean necesarios o por otros motivos legalmente permitidos.<\/li>\n\n\n\n<li><strong>Derecho a la limitaci\u00f3n del tratamiento:<\/strong>\u00a0Limitar el tratamiento cuando se impugne la exactitud, el tratamiento sea ilegal o los datos sean necesarios para reclamaciones legales.<\/li>\n\n\n\n<li><strong>Derecho a la portabilidad de los datos:<\/strong>\u00a0Recibir datos personales en un formato estructurado, de uso com\u00fan y lectura mec\u00e1nica y transmitirlos a otro responsable del tratamiento.<\/li>\n\n\n\n<li><strong>Derecho de oposici\u00f3n:<\/strong>\u00a0Oponerse al tratamiento de los datos.<\/li>\n\n\n\n<li><strong>Derecho a no ser objeto de decisiones automatizadas, incluida la elaboraci\u00f3n de perfiles.<\/strong><\/li>\n<\/ul>\n\n\n\n<p>Para ejercer estos derechos, los Usuarios pueden enviar una solicitud por escrito al Responsable del Tratamiento con la referencia \"GDPR-nerjatransferservice.com\", incluyendo:<\/p>\n\n\n\n<ul class=\"wp-block-list\">\n<li>Nombre completo y copia del DNI.<\/li>\n\n\n\n<li>Solicitud espec\u00edfica y motivo o informaci\u00f3n deseada.<\/li>\n\n\n\n<li>Direcci\u00f3n de notificaci\u00f3n.<\/li>\n\n\n\n<li>Fecha y firma.<\/li>\n\n\n\n<li>Cualquier documentaci\u00f3n justificativa.<\/li>\n<\/ul>\n\n\n\n<p>Las solicitudes pueden enviarse a<\/p>\n\n\n\n<p>Direcci\u00f3n postal: Calle Prolongaci\u00f3n Antonio Mill\u00f3n<\/p>\n\n\n\n<p>Correo electr\u00f3nico: info@nerjatransferservice.com<\/p>\n\n\n\n<h3 class=\"wp-block-heading\"><strong>Enlaces a sitios web de terceros<\/strong><\/h3>\n\n\n\n<p>El Sitio Web puede contener enlaces a sitios web de terceros no gestionados por&nbsp;<strong>Servicio de traslados Nerja<\/strong>. Estos terceros son responsables de sus propias pol\u00edticas y pr\u00e1cticas de protecci\u00f3n de datos.<\/p>\n\n\n\n<h3 class=\"wp-block-heading\"><strong>Reclamaciones a la autoridad de control<\/strong><\/h3>\n\n\n\n<p>Si el usuario cree que hay un problema con el tratamiento de sus datos, tiene derecho a&nbsp;<strong>tutela judicial efectiva<\/strong>&nbsp;y a presentar una denuncia ante una autoridad de control, en particular en el pa\u00eds de su residencia habitual, lugar de trabajo o donde se haya producido la presunta infracci\u00f3n.<\/p>\n\n\n\n<p>En Espa\u00f1a, la autoridad competente es la&nbsp;<strong>Agencia Espa\u00f1ola de Protecci\u00f3n de Datos (AEPD)<\/strong>:&nbsp;<a href=\"https:\/\/www.aepd.es\/\" target=\"_blank\" rel=\"noopener\">https:\/\/www.aepd.es<\/a><\/p>\n\n\n\n<hr class=\"wp-block-separator has-alpha-channel-opacity\"\/>\n\n\n\n<p><strong>II. ACEPTACI\u00d3N Y MODIFICACIONES DE LA PRESENTE POL\u00cdTICA DE PRIVACIDAD<\/strong><\/p>\n\n\n\n<p>Es necesario que el Usuario haya le\u00eddo y aceptado los t\u00e9rminos relativos a la protecci\u00f3n de datos personales de esta Pol\u00edtica de Privacidad y consienta el tratamiento de sus datos para que el Responsable del Tratamiento pueda proceder en la forma, para las finalidades y durante los plazos indicados.<\/p>\n\n\n\n<p>El uso del Sitio Web implica la aceptaci\u00f3n de esta Pol\u00edtica de Privacidad.<\/p>\n\n\n\n<p><strong>Servicio de traslados Nerja<\/strong>&nbsp;se reserva el derecho a modificar su Pol\u00edtica de Privacidad de acuerdo a su criterio, o motivado por un cambio legislativo, jurisprudencial o doctrinal de la Agencia Espa\u00f1ola de Protecci\u00f3n de Datos. Estos cambios no se notifican expresamente a los usuarios. Se aconseja a los usuarios que revisen esta p\u00e1gina peri\u00f3dicamente.<\/p>\n\n\n\n<p>Esta pol\u00edtica de privacidad se actualiz\u00f3 para cumplir con&nbsp;<strong>Reglamento (UE) 2016\/679<\/strong>&nbsp;del Parlamento Europeo y del Consejo, de 27 de abril de 2016 (GDPR).<\/p>","protected":false},"excerpt":{"rendered":"<p>nerjatransferservice.com I. POL\u00cdTICA DE PRIVACIDAD Y PROTECCI\u00d3N DE DATOS En cumplimiento de la legislaci\u00f3n vigente, Nerja Transfer Service (en adelante, el Sitio Web) se compromete a adoptar las medidas t\u00e9cnicas y organizativas necesarias, seg\u00fan el nivel de seguridad adecuado en funci\u00f3n del riesgo de los datos recogidos. Leyes incorporadas a esta pol\u00edtica de privacidad Esta pol\u00edtica de privacidad est\u00e1 adaptada [...]<\/p>","protected":false},"author":1,"featured_media":0,"parent":0,"menu_order":0,"comment_status":"closed","ping_status":"closed","template":"","meta":{"_joinchat":[],"footnotes":""},"class_list":["post-250","page","type-page","status-publish","hentry"],"_links":{"self":[{"href":"https:\/\/nerjatransferservice.com\/es\/wp-json\/wp\/v2\/pages\/250","targetHints":{"allow":["GET"]}}],"collection":[{"href":"https:\/\/nerjatransferservice.com\/es\/wp-json\/wp\/v2\/pages"}],"about":[{"href":"https:\/\/nerjatransferservice.com\/es\/wp-json\/wp\/v2\/types\/page"}],"author":[{"embeddable":true,"href":"https:\/\/nerjatransferservice.com\/es\/wp-json\/wp\/v2\/users\/1"}],"replies":[{"embeddable":true,"href":"https:\/\/nerjatransferservice.com\/es\/wp-json\/wp\/v2\/comments?post=250"}],"version-history":[{"count":2,"href":"https:\/\/nerjatransferservice.com\/es\/wp-json\/wp\/v2\/pages\/250\/revisions"}],"predecessor-version":[{"id":252,"href":"https:\/\/nerjatransferservice.com\/es\/wp-json\/wp\/v2\/pages\/250\/revisions\/252"}],"wp:attachment":[{"href":"https:\/\/nerjatransferservice.com\/es\/wp-json\/wp\/v2\/media?parent=250"}],"curies":[{"name":"wp","href":"https:\/\/api.w.org\/{rel}","templated":true}]}}