{"id":246,"date":"2025-07-12T09:40:22","date_gmt":"2025-07-12T09:40:22","guid":{"rendered":"https:\/\/nerjatransferservice.com\/?page_id=246"},"modified":"2025-07-13T19:32:24","modified_gmt":"2025-07-13T17:32:24","slug":"cookies-policy","status":"publish","type":"page","link":"https:\/\/nerjatransferservice.com\/es\/cookies-policy\/","title":{"rendered":"Pol\u00edtica de cookies"},"content":{"rendered":"<h4 class=\"wp-block-heading\">nerjatransferservice.com<\/h4>\n\n\n\n<p>El acceso a este Sitio Web puede implicar la utilizaci\u00f3n de cookies. Las cookies son peque\u00f1as cantidades de informaci\u00f3n que se almacenan en el navegador utilizado por cada Usuario -en los distintos dispositivos que utilice para navegar- para que el servidor recuerde cierta informaci\u00f3n que posteriormente \u00fanicamente el servidor que la implement\u00f3 leer\u00e1. Las cookies facilitan la navegaci\u00f3n, la hacen m\u00e1s amigable y no da\u00f1an el dispositivo de navegaci\u00f3n.<\/p>\n\n\n\n<p>Las cookies son procedimientos autom\u00e1ticos de recogida de informaci\u00f3n relativa a las preferencias determinadas por el Usuario durante su visita al Sitio Web con el fin de reconocerle como Usuario, personalizar su experiencia y uso del Sitio Web, y pueden tambi\u00e9n, por ejemplo, ayudar a identificar y resolver errores.<\/p>\n\n\n\n<p>La informaci\u00f3n recogida a trav\u00e9s de las cookies puede incluir la fecha y hora de las visitas al Sitio Web, las p\u00e1ginas vistas, el tiempo de permanencia en el Sitio Web y los sitios visitados justo antes y despu\u00e9s del mismo. Sin embargo, ninguna cookie permite ponerse en contacto con el n\u00famero de tel\u00e9fono del Usuario o cualquier otro m\u00e9todo de contacto personal. Ninguna cookie puede extraer informaci\u00f3n del disco duro del Usuario ni robar informaci\u00f3n personal. La \u00fanica forma de que la informaci\u00f3n privada del Usuario pase a formar parte del archivo Cookie es que el Usuario proporcione personalmente esa informaci\u00f3n al servidor.<\/p>\n\n\n\n<p>Las cookies que pueden identificar a una persona se consideran datos personales. Por tanto, les ser\u00e1 de aplicaci\u00f3n la citada Pol\u00edtica de Privacidad. En este sentido, ser\u00e1 necesario el consentimiento del Usuario para su utilizaci\u00f3n. Este consentimiento ser\u00e1 comunicado, basado en una elecci\u00f3n genuina, ofrecida a trav\u00e9s de una decisi\u00f3n afirmativa y positiva, antes del tratamiento inicial, y ser\u00e1 removible y documentado.<\/p>\n\n\n\n<p><strong>Cookies de origen<\/strong><\/p>\n\n\n\n<p>Son cookies que se env\u00edan al ordenador o dispositivo del Usuario y son gestionadas exclusivamente por Nerja Transfer Service para el mejor funcionamiento del Sitio Web. La informaci\u00f3n recogida se utiliza para mejorar la calidad del Sitio Web y su Contenido y la experiencia del Usuario. Estas cookies permiten reconocer al Usuario como visitante recurrente del Sitio Web y adaptar el contenido para ofrecerle materiales que se ajusten a sus preferencias.<\/p>\n\n\n\n<p><strong>Cookies de terceros<\/strong><\/p>\n\n\n\n<p>Son cookies utilizadas y gestionadas por entidades externas que prestan servicios solicitados por Nerja Transfer Service para mejorar el Sitio Web y la experiencia del usuario al navegar por el Sitio Web. Los principales objetivos para los que se utilizan las cookies de terceros son obtener estad\u00edsticas de acceso y analizar la informaci\u00f3n de navegaci\u00f3n, es decir, c\u00f3mo interact\u00faa el Usuario con el Sitio Web.<\/p>\n\n\n\n<p>La informaci\u00f3n obtenida hace referencia, por ejemplo, al n\u00famero de p\u00e1ginas visitadas, el idioma, la localizaci\u00f3n de la direcci\u00f3n IP desde la que accede el Usuario, el n\u00famero de Usuarios que acceden, la frecuencia y reincidencia de las visitas, el tiempo de visita, el navegador que usan, el operador o tipo de dispositivo desde el que se realiza la visita. Esta informaci\u00f3n se utiliza para mejorar el Sitio Web y detectar nuevas necesidades con el fin de ofrecer a los Usuarios un Contenido y\/o servicio de \u00f3ptima calidad. En cualquier caso, la informaci\u00f3n se recoge de forma an\u00f3nima y se elaboran informes sobre las tendencias del Sitio Web sin identificar a usuarios individuales.<\/p>\n\n\n\n<p>Puede obtener m\u00e1s informaci\u00f3n sobre las cookies, informaci\u00f3n sobre privacidad, o consultar la descripci\u00f3n del tipo de cookies utilizadas, sus principales caracter\u00edsticas, plazo de caducidad, etc., en el\/los siguiente\/s enlace\/s:<br>Google Analytics:&nbsp;<a rel=\"noreferrer noopener\" target=\"_blank\" href=\"https:\/\/developers.google.com\/analytics\/\">https:\/\/developers.google.com\/analytics\/<\/a><\/p>\n\n\n\n<p>La entidad o entidades encargadas de suministrar las cookies podr\u00e1n ceder esta informaci\u00f3n a terceros, siempre y cuando as\u00ed lo exija la ley o si un tercero procesa esta informaci\u00f3n para dichas entidades.<\/p>\n\n\n\n<p><strong>Cookies de redes sociales<\/strong><\/p>\n\n\n\n<p>Nerja Transfer Service incorpora plugins de redes sociales, que permiten el acceso a las mismas desde el Sitio Web. Por este motivo, las cookies de las redes sociales pueden almacenarse en el navegador del Usuario. Los titulares de estas redes sociales tienen sus propias pol\u00edticas de protecci\u00f3n de datos y de cookies, siendo responsables en cada caso de sus propios ficheros y de sus propias pr\u00e1cticas de privacidad. El Usuario deber\u00e1 remitirse a las mismas para conocer dichas cookies y, en su caso, el tratamiento de sus datos personales. A efectos meramente informativos, se indican a continuaci\u00f3n los enlaces donde puede consultar dichas pol\u00edticas de privacidad y\/o cookies:<\/p>\n\n\n\n<ul class=\"wp-block-list\">\n<li><strong>Facebook:<\/strong>\u00a0<a href=\"https:\/\/www.facebook.com\/policies\/cookies\/\" target=\"_blank\" rel=\"noreferrer noopener\">https:\/\/www.facebook.com\/policies\/cookies\/<\/a><\/li>\n\n\n\n<li><strong>Twitter:<\/strong>\u00a0<a href=\"https:\/\/twitter.com\/es\/privacy\" target=\"_blank\" rel=\"noreferrer noopener\">https:\/\/twitter.com\/es\/privacy<\/a><\/li>\n\n\n\n<li><strong>Instagram:<\/strong>\u00a0<a href=\"https:\/\/help.instagram.com\/1896641480634370?ref=ig\" target=\"_blank\" rel=\"noreferrer noopener\">https:\/\/help.instagram.com\/1896641480634370?ref=ig<\/a><\/li>\n\n\n\n<li><strong>YouTube:<\/strong>\u00a0<a href=\"https:\/\/policies.google.com\/privacy?hl=es-419&amp;gl=mx\" target=\"_blank\" rel=\"noreferrer noopener\">https:\/\/policies.google.com\/privacy?hl=es-419&amp;gl=mx<\/a><\/li>\n\n\n\n<li><strong>Pinterest:<\/strong>\u00a0<a href=\"https:\/\/policy.pinterest.com\/es\/privacy-policy\" target=\"_blank\" rel=\"noreferrer noopener\">https:\/\/policy.pinterest.com\/es\/privacy-policy<\/a><\/li>\n\n\n\n<li><strong>LinkedIn:<\/strong>\u00a0<a href=\"https:\/\/www.linkedin.com\/legal\/cookie-policy?trk=hp-cookies\" target=\"_blank\" rel=\"noreferrer noopener\">https:\/\/www.linkedin.com\/legal\/cookie-policy?trk=hp-cookies<\/a><\/li>\n<\/ul>\n\n\n\n<p><strong>Desactivaci\u00f3n, rechazo y eliminaci\u00f3n de cookies<\/strong><\/p>\n\n\n\n<p>El Usuario puede desactivar, rechazar y eliminar las cookies -total o parcialmente- instaladas en su dispositivo mediante la configuraci\u00f3n de su navegador (entre los que se incluyen, por ejemplo, Chrome, Firefox, Safari, Explorer). En este sentido, los procedimientos para rechazar y eliminar las cookies pueden diferir de un navegador de Internet a otro. En consecuencia, el Usuario deber\u00e1 remitirse a las instrucciones facilitadas por el navegador de Internet que est\u00e9 utilizando. Si rechaza el uso de cookies -total o parcialmente- podr\u00e1 seguir usando el Sitio Web, aunque el uso de algunas de sus funcionalidades podr\u00e1 ser limitado.<\/p>","protected":false},"excerpt":{"rendered":"<p>nerjatransferservice.com El acceso a este Sitio Web puede implicar la utilizaci\u00f3n de cookies. Las cookies son peque\u00f1as cantidades de informaci\u00f3n que se almacenan en el navegador utilizado por cada Usuario -en los distintos dispositivos que utilice para navegar- para que el servidor recuerde cierta informaci\u00f3n que posteriormente \u00fanicamente el servidor que la implement\u00f3 leer\u00e1. Las cookies facilitan la navegaci\u00f3n, hacen m\u00e1s [...]<\/p>","protected":false},"author":1,"featured_media":0,"parent":0,"menu_order":0,"comment_status":"closed","ping_status":"closed","template":"","meta":{"_joinchat":[],"footnotes":""},"class_list":["post-246","page","type-page","status-publish","hentry"],"_links":{"self":[{"href":"https:\/\/nerjatransferservice.com\/es\/wp-json\/wp\/v2\/pages\/246","targetHints":{"allow":["GET"]}}],"collection":[{"href":"https:\/\/nerjatransferservice.com\/es\/wp-json\/wp\/v2\/pages"}],"about":[{"href":"https:\/\/nerjatransferservice.com\/es\/wp-json\/wp\/v2\/types\/page"}],"author":[{"embeddable":true,"href":"https:\/\/nerjatransferservice.com\/es\/wp-json\/wp\/v2\/users\/1"}],"replies":[{"embeddable":true,"href":"https:\/\/nerjatransferservice.com\/es\/wp-json\/wp\/v2\/comments?post=246"}],"version-history":[{"count":3,"href":"https:\/\/nerjatransferservice.com\/es\/wp-json\/wp\/v2\/pages\/246\/revisions"}],"predecessor-version":[{"id":249,"href":"https:\/\/nerjatransferservice.com\/es\/wp-json\/wp\/v2\/pages\/246\/revisions\/249"}],"wp:attachment":[{"href":"https:\/\/nerjatransferservice.com\/es\/wp-json\/wp\/v2\/media?parent=246"}],"curies":[{"name":"wp","href":"https:\/\/api.w.org\/{rel}","templated":true}]}}