{"id":245,"date":"2025-07-12T09:45:21","date_gmt":"2025-07-12T09:45:21","guid":{"rendered":"https:\/\/nerjatransferservice.com\/?page_id=245"},"modified":"2025-07-13T19:32:14","modified_gmt":"2025-07-13T17:32:14","slug":"legal-notice","status":"publish","type":"page","link":"https:\/\/nerjatransferservice.com\/es\/legal-notice\/","title":{"rendered":"AVISO LEGAL"},"content":{"rendered":"<hr class=\"wp-block-separator has-alpha-channel-opacity\"\/>\n\n\n\n<h2 class=\"wp-block-heading\"><strong>Aviso legal<\/strong><\/h2>\n\n\n\n<h3 class=\"wp-block-heading\"><strong>I. INFORMACI\u00d3N GENERAL<\/strong><\/h3>\n\n\n\n<p>En cumplimiento con el deber de informaci\u00f3n recogido en la Ley 34\/2002, de 11 de julio, de Servicios de la Sociedad de la Informaci\u00f3n y del Comercio Electr\u00f3nico (LSSI-CE), a continuaci\u00f3n se indican los datos de informaci\u00f3n general de este sitio web:<\/p>\n\n\n\n<p>La propiedad de este sitio web,&nbsp;<strong>nerjatransferservice.com<\/strong>&nbsp;(en adelante, el Sitio Web), es propiedad de&nbsp;<strong>M Angeles Arrabal Armijo<\/strong>con NIF:&nbsp;<strong>77470858G<\/strong>y los siguientes datos de contacto:<\/p>\n\n\n\n<p>Direcci\u00f3n: Calle Prolongaci\u00f3n Antonio Mill\u00f3n<\/p>\n\n\n\n<p>Tel\u00e9fono: [No proporcionado]<\/p>\n\n\n\n<p>Correo electr\u00f3nico: info@nerjatransferservice.com<\/p>\n\n\n\n<hr class=\"wp-block-separator has-alpha-channel-opacity\"\/>\n\n\n\n<h3 class=\"wp-block-heading\"><strong>II. CONDICIONES GENERALES DE USO<\/strong><\/h3>\n\n\n\n<h4 class=\"wp-block-heading\"><strong>Objeto de las Condiciones: El sitio web<\/strong><\/h4>\n\n\n\n<p>Las presentes Condiciones Generales de Uso (en adelante, las \"Condiciones\") tienen por objeto regular el acceso y la utilizaci\u00f3n del Sitio Web. A los efectos de las presentes Condiciones, se entender\u00e1 por Sitio Web: la apariencia externa de las interfaces de pantalla, tanto est\u00e1ticas como din\u00e1micas (es decir, el \u00e1rbol de navegaci\u00f3n), y todos los elementos integrados tanto en las interfaces de pantalla como en el \u00e1rbol de navegaci\u00f3n (en adelante, los \"Contenidos\"), as\u00ed como cualesquiera servicios o recursos en l\u00ednea ofrecidos a los usuarios (en adelante, los \"Servicios\").<\/p>\n\n\n\n<p><strong>Servicio de traslados Nerja<\/strong>&nbsp;se reserva la facultad de modificar, en cualquier momento, y sin aviso previo, la presentaci\u00f3n y configuraci\u00f3n del Sitio Web, as\u00ed como los Contenidos y Servicios que en \u00e9l se incorporan. El Usuario reconoce y acepta que&nbsp;<strong>Servicio de traslados Nerja<\/strong>&nbsp;podr\u00e1 interrumpir, desactivar y\/o cancelar cualquiera de estos elementos o el acceso a los mismos en cualquier momento.<\/p>\n\n\n\n<p>El acceso al Sitio Web tiene, en general, car\u00e1cter gratuito para los Usuarios y no exige contraprestaci\u00f3n alguna, salvo el coste de la conexi\u00f3n a Internet a trav\u00e9s de la red de telecomunicaciones contratada por el Usuario.<\/p>\n\n\n\n<p>Adem\u00e1s del coste del acceso a Internet, algunos Contenidos o Servicios ofrecidos por&nbsp;<strong>Servicio de traslados Nerja<\/strong>&nbsp;o de terceros a trav\u00e9s del Sitio Web podr\u00e1 requerir la contrataci\u00f3n previa. En tales casos, se indicar\u00e1n claramente y se pondr\u00e1n a disposici\u00f3n del Usuario las Condiciones Generales o Particulares aplicables.<\/p>\n\n\n\n<p>Algunos Contenidos o Servicios pueden requerir la previa suscripci\u00f3n o registro del Usuario.<\/p>\n\n\n\n<p>Otros contenidos est\u00e1n disponibles sin necesidad de registro o suscripci\u00f3n previos.<\/p>\n\n\n\n<hr class=\"wp-block-separator has-alpha-channel-opacity\"\/>\n\n\n\n<h4 class=\"wp-block-heading\"><strong>El usuario<\/strong><\/h4>\n\n\n\n<p>El acceso, navegaci\u00f3n y uso del Sitio Web, incluidos los espacios interactivos (por ejemplo, comentarios o blogs), atribuye la condici\u00f3n de Usuario. Desde el momento en que el Usuario comience a navegar por el Sitio Web, ser\u00e1n de aplicaci\u00f3n todas las Condiciones aqu\u00ed establecidas, as\u00ed como sus posteriores modificaciones, sin perjuicio de la normativa legal de obligado cumplimiento que resulte de aplicaci\u00f3n. Dada la relevancia de las mismas, se aconseja a los Usuarios que las lean cada vez que visiten el Sitio Web.<\/p>\n\n\n\n<p>En&nbsp;<strong>Servicio de traslados Nerja<\/strong>&nbsp;El Sitio Web proporciona gran variedad de informaci\u00f3n, servicios y datos. El Usuario asume la responsabilidad del uso correcto del Sitio Web. Esta responsabilidad incluye:<\/p>\n\n\n\n<ul class=\"wp-block-list\">\n<li>Uso de la informaci\u00f3n, Contenidos y\/o Servicios ofrecidos por\u00a0<strong>Servicio de traslados Nerja<\/strong>\u00a0de forma que no infrinja las presentes Condiciones, la Ley, la moral o el orden p\u00fablico, ni vulnere los derechos de terceros o perturbe el funcionamiento del Sitio Web.<\/li>\n\n\n\n<li>La exactitud y legalidad de la informaci\u00f3n facilitada por el Usuario en cualquier formulario emitido por\u00a0<strong>Servicio de traslados Nerja<\/strong>para acceder a Contenidos o Servicios espec\u00edficos. El Usuario deber\u00e1 notificar inmediatamente\u00a0<strong>Servicio de traslados Nerja<\/strong>\u00a0de cualquier uso indebido de su informaci\u00f3n, como robo, p\u00e9rdida o acceso no autorizado a identificadores y\/o contrase\u00f1as, con el fin de cancelarlos inmediatamente.<\/li>\n<\/ul>\n\n\n\n<p><strong>Servicio de traslados Nerja<\/strong>&nbsp;se reserva el derecho de retirar todos aquellos comentarios y aportaciones que vulneren la ley, la dignidad de la persona, que sean discriminatorios, xen\u00f3fobos, racistas, pornogr\u00e1ficos, spam o que, a su juicio, no resultaran adecuados para su publicaci\u00f3n.<\/p>\n\n\n\n<p>En cualquier caso,&nbsp;<strong>Servicio de traslados Nerja<\/strong>&nbsp;no se hace responsable de las opiniones vertidas por los Usuarios a trav\u00e9s de los comentarios o herramientas de blogging o participaci\u00f3n que puedan existir.<\/p>\n\n\n\n<p>El mero acceso al Sitio Web no supone entablar ning\u00fan tipo de relaci\u00f3n de car\u00e1cter comercial entre&nbsp;<strong>Servicio de traslados Nerja<\/strong>&nbsp;y el Usuario.<\/p>\n\n\n\n<p>El Usuario declara ser mayor de edad y tener capacidad legal para vincularse por las presentes Condiciones. Por lo tanto, este Sitio Web no est\u00e1 destinado a menores de edad.&nbsp;<strong>Servicio de traslados Nerja<\/strong>&nbsp;declina toda responsabilidad por el incumplimiento de este requisito.<\/p>\n\n\n\n<p>Este Sitio Web est\u00e1 dirigido a todas las personas que puedan acceder y\/o navegar por sus p\u00e1ginas, independientemente de su edad, siempre que cumplan con la legislaci\u00f3n aplicable.<\/p>\n\n\n\n<p>El Sitio Web est\u00e1 dirigido principalmente a Usuarios residentes en [Espa\u00f1a].&nbsp;<strong>Servicio de traslados Nerja<\/strong>&nbsp;no garantiza que el Sitio Web cumpla con la legislaci\u00f3n de otros pa\u00edses. Si el Usuario accede al Sitio Web desde fuera de Espa\u00f1a, lo hace bajo su propia responsabilidad y debe asegurarse de que dicho acceso cumple con la legislaci\u00f3n local.&nbsp;<strong>Servicio de traslados Nerja<\/strong>&nbsp;declina toda responsabilidad derivada de dicho acceso.<\/p>\n\n\n\n<hr class=\"wp-block-separator has-alpha-channel-opacity\"\/>\n\n\n\n<h3 class=\"wp-block-heading\"><strong>III. ACCESO Y NAVEGACI\u00d3N EN EL SITIO WEB: EXCLUSI\u00d3N DE GARANT\u00cdAS Y DE RESPONSABILIDAD<\/strong><\/h3>\n\n\n\n<p><strong>Servicio de traslados Nerja<\/strong>&nbsp;no garantiza la disponibilidad, utilidad o funcionalidad continuas del Sitio Web, ni de los Contenidos o Servicios. Aunque se realizar\u00e1n esfuerzos para garantizar su correcto funcionamiento,&nbsp;<strong>Servicio de traslados Nerja<\/strong>&nbsp;no se hace responsable del acceso ininterrumpido o la ausencia de errores.<\/p>\n\n\n\n<p>Tampoco&nbsp;<strong>Servicio de traslados Nerja<\/strong>&nbsp;responsable de cualquier da\u00f1o causado al sistema inform\u00e1tico del Usuario debido al acceso al Sitio Web, incluidos virus o problemas de software.<\/p>\n\n\n\n<p>El Sitio Web puede sufrir interrupciones, errores o desconexiones por causas externas.&nbsp;<strong>Servicio de traslados Nerja<\/strong>no se responsabiliza de las p\u00e9rdidas, da\u00f1os o perjuicios de cualquier tipo que surjan por el acceso o el uso del Sitio Web.<\/p>\n\n\n\n<hr class=\"wp-block-separator has-alpha-channel-opacity\"\/>\n\n\n\n<h3 class=\"wp-block-heading\"><strong>IV. POL\u00cdTICA DE ENLACES<\/strong><\/h3>\n\n\n\n<p>El Sitio Web puede proporcionar a los Usuarios enlaces (por ejemplo, banners, botones), directorios y motores de b\u00fasqueda que permiten acceder a sitios web de terceros.<\/p>\n\n\n\n<p>La inclusi\u00f3n de estos enlaces tiene una finalidad meramente informativa y no supone sugerencia, recomendaci\u00f3n o invitaci\u00f3n para visitar los sitios web enlazados.<\/p>\n\n\n\n<p><strong>Servicio de traslados Nerja<\/strong>&nbsp;no ofrece ni vende los productos y\/o servicios que se encuentran en estos sitios web de terceros, ni directamente ni a trav\u00e9s de afiliados.<\/p>\n\n\n\n<p>El Sitio Web puede mostrar contenidos patrocinados, anuncios y\/o enlaces de afiliados. Dicha informaci\u00f3n es proporcionada por los anunciantes, y&nbsp;<strong>Servicio de traslados Nerja<\/strong>&nbsp;no es responsable de la exactitud o integridad de estos anuncios, ni de la calidad de los productos\/servicios promocionados.<\/p>\n\n\n\n<p><strong>Servicio de traslados Nerja<\/strong>&nbsp;no garantiza la disponibilidad t\u00e9cnica, exactitud, veracidad, validez o legalidad de p\u00e1ginas externas a las que se pueda acceder por enlaces.<\/p>\n\n\n\n<p>Los usuarios o terceros que enlacen desde su propio sitio web al&nbsp;<strong>Servicio de traslados Nerja<\/strong>&nbsp;El sitio web debe ser consciente de ello:<\/p>\n\n\n\n<ul class=\"wp-block-list\">\n<li>Queda prohibida la reproducci\u00f3n de cualquier parte de los Contenidos o Servicios del Sitio Web sin autorizaci\u00f3n expresa.<\/li>\n\n\n\n<li>Declaraciones falsas, inexactas o enga\u00f1osas sobre\u00a0<strong>Servicio de traslados Nerja<\/strong>\u00a0o sus Contenidos y\/o Servicios.<\/li>\n\n\n\n<li>La p\u00e1gina web desde la que se establezca el enlace no deber\u00e1 contener contenidos protegidos por la legislaci\u00f3n espa\u00f1ola sobre propiedad intelectual sin autorizaci\u00f3n expresa de\u00a0<strong>Servicio de traslados Nerja<\/strong>.<\/li>\n<\/ul>\n\n\n\n<p>La existencia de dicho hiperenlace no implica relaci\u00f3n alguna entre&nbsp;<strong>Servicio de traslados Nerja<\/strong>&nbsp;y el propietario del sitio, ni el conocimiento o aceptaci\u00f3n de sus contenidos y servicios.<\/p>\n\n\n\n<hr class=\"wp-block-separator has-alpha-channel-opacity\"\/>\n\n\n\n<h3 class=\"wp-block-heading\"><strong>V. PROPIEDAD INTELECTUAL E INDUSTRIAL<\/strong><\/h3>\n\n\n\n<p><strong>Servicio de traslados Nerja<\/strong>, ya sea como titular o licenciatario, ostenta todos los derechos de propiedad intelectual e industrial sobre el Sitio Web y sus Contenidos (incluyendo, a t\u00edtulo enunciativo y no limitativo, im\u00e1genes, sonido, v\u00eddeo, software, textos, marcas, logotipos, combinaciones de colores, estructura, dise\u00f1o, materiales, programas, etc.). Estas obras est\u00e1n protegidas por las leyes espa\u00f1olas y europeas y los tratados internacionales de los que Espa\u00f1a es parte.<\/p>\n\n\n\n<p>Todos los derechos reservados. En virtud de lo dispuesto en la Ley de Propiedad Intelectual, quedan expresamente prohibidas la reproducci\u00f3n, la distribuci\u00f3n y la comunicaci\u00f3n p\u00fablica, incluida su modalidad de puesta a disposici\u00f3n, de la totalidad o parte de los Contenidos de esta p\u00e1gina web, con fines comerciales, sin la autorizaci\u00f3n previa de&nbsp;<strong>Servicio de traslados Nerja<\/strong>.<\/p>\n\n\n\n<p>Los usuarios pueden ver, imprimir, copiar y almacenar elementos del Sitio Web \u00fanicamente para su uso personal. Queda prohibida cualquier modificaci\u00f3n o supresi\u00f3n de los sistemas de protecci\u00f3n o mecanismos de seguridad del Sitio Web.<\/p>\n\n\n\n<p>Si un Usuario o un tercero considera que alg\u00fan Contenido vulnera los derechos de propiedad intelectual, deber\u00e1 notificarlo a&nbsp;<strong>Servicio de traslados Nerja<\/strong>&nbsp;inmediatamente utilizando la informaci\u00f3n de contacto que figura en la secci\u00f3n INFORMACI\u00d3N GENERAL del presente Aviso Legal.<\/p>\n\n\n\n<hr class=\"wp-block-separator has-alpha-channel-opacity\"\/>\n\n\n\n<h3 class=\"wp-block-heading\"><strong>VI. ACCIONES LEGALES, LEY APLICABLE Y JURISDICCI\u00d3N<\/strong><\/h3>\n\n\n\n<p><strong>Servicio de traslados Nerja<\/strong>&nbsp;se reserva el derecho de emprender acciones civiles o penales en caso de uso indebido del Sitio Web o de incumplimiento de las presentes Condiciones.<\/p>\n\n\n\n<p>La relaci\u00f3n entre el usuario y&nbsp;<strong>Servicio de traslados Nerja<\/strong>&nbsp;se regir\u00e1 por la legislaci\u00f3n espa\u00f1ola. En caso de litigio, las partes acuerdan someterse a la jurisdicci\u00f3n de los tribunales competentes establecidos por la ley.<\/p>\n\n\n\n<hr class=\"wp-block-separator has-alpha-channel-opacity\"\/>","protected":false},"excerpt":{"rendered":"<p>Aviso Legal I. INFORMACI\u00d3N GENERAL En cumplimiento con el deber de informaci\u00f3n recogido en la Ley 34\/2002, de 11 de julio, de Servicios de la Sociedad de la Informaci\u00f3n y del Comercio Electr\u00f3nico (LSSI-CE), a continuaci\u00f3n se indican los datos de informaci\u00f3n general de este sitio web: La titularidad de este sitio web, nerjatransferservice.com (en adelante, el Sitio Web), corresponde a M \u00c1ngeles Arrabal Armijo, con NIF: 77470858G, y contacto [...]<\/p>","protected":false},"author":1,"featured_media":0,"parent":0,"menu_order":0,"comment_status":"closed","ping_status":"closed","template":"","meta":{"_joinchat":[],"footnotes":""},"class_list":["post-245","page","type-page","status-publish","hentry"],"_links":{"self":[{"href":"https:\/\/nerjatransferservice.com\/es\/wp-json\/wp\/v2\/pages\/245","targetHints":{"allow":["GET"]}}],"collection":[{"href":"https:\/\/nerjatransferservice.com\/es\/wp-json\/wp\/v2\/pages"}],"about":[{"href":"https:\/\/nerjatransferservice.com\/es\/wp-json\/wp\/v2\/types\/page"}],"author":[{"embeddable":true,"href":"https:\/\/nerjatransferservice.com\/es\/wp-json\/wp\/v2\/users\/1"}],"replies":[{"embeddable":true,"href":"https:\/\/nerjatransferservice.com\/es\/wp-json\/wp\/v2\/comments?post=245"}],"version-history":[{"count":2,"href":"https:\/\/nerjatransferservice.com\/es\/wp-json\/wp\/v2\/pages\/245\/revisions"}],"predecessor-version":[{"id":255,"href":"https:\/\/nerjatransferservice.com\/es\/wp-json\/wp\/v2\/pages\/245\/revisions\/255"}],"wp:attachment":[{"href":"https:\/\/nerjatransferservice.com\/es\/wp-json\/wp\/v2\/media?parent=245"}],"curies":[{"name":"wp","href":"https:\/\/api.w.org\/{rel}","templated":true}]}}